{"id":4673,"date":"2020-11-05T22:21:12","date_gmt":"2020-11-05T22:21:12","guid":{"rendered":"https:\/\/karretel.com.py\/catalogo\/producto\/import-placeholder-for-4634\/"},"modified":"2021-02-23T19:24:42","modified_gmt":"2021-02-23T19:24:42","slug":"karretel-231","status":"publish","type":"product","link":"https:\/\/karretel.com.py\/catalogo\/producto\/karretel-231\/","title":{"rendered":"Exc. Capri"},"content":{"rendered":"<p>Origen: Brasile\u00f1o<\/p>\n<p>Composici\u00f3n: 100% Algod\u00f3n<\/p>\n<p>Ancho: 1.50 metros<\/p>\n","protected":false},"excerpt":{"rendered":"<p>Origen: Brasile\u00f1o Composici\u00f3n: 100% Algod\u00f3n Ancho: 1.50 metros<\/p>\n","protected":false},"featured_media":4111,"template":"","meta":[],"_links":{"self":[{"href":"https:\/\/karretel.com.py\/catalogo\/wp-json\/wp\/v2\/product\/4673"}],"collection":[{"href":"https:\/\/karretel.com.py\/catalogo\/wp-json\/wp\/v2\/product"}],"about":[{"href":"https:\/\/karretel.com.py\/catalogo\/wp-json\/wp\/v2\/types\/product"}],"wp:featuredmedia":[{"embeddable":true,"href":"https:\/\/karretel.com.py\/catalogo\/wp-json\/wp\/v2\/media\/4111"}],"wp:attachment":[{"href":"https:\/\/karretel.com.py\/catalogo\/wp-json\/wp\/v2\/media?parent=4673"}],"curies":[{"name":"wp","href":"https:\/\/api.w.org\/{rel}","templated":true}]}}