{"id":4652,"date":"2020-11-05T22:21:11","date_gmt":"2020-11-05T22:21:11","guid":{"rendered":"https:\/\/karretel.com.py\/catalogo\/producto\/import-placeholder-for-4613\/"},"modified":"2021-04-19T14:39:20","modified_gmt":"2021-04-19T14:39:20","slug":"karretel-211","status":"publish","type":"product","link":"https:\/\/karretel.com.py\/catalogo\/producto\/karretel-211\/","title":{"rendered":"H.T L220"},"content":{"rendered":"<p>Origen: Brasile\u00f1o<\/p>\n<p>Composici\u00f3n: 100% Algod\u00f3n<\/p>\n<p>Ancho: 1.50 metros<\/p>\n","protected":false},"excerpt":{"rendered":"<p>Origen: Brasile\u00f1o Composici\u00f3n: 100% Algod\u00f3n Ancho: 1.50 metros<\/p>\n","protected":false},"featured_media":4091,"template":"","meta":[],"_links":{"self":[{"href":"https:\/\/karretel.com.py\/catalogo\/wp-json\/wp\/v2\/product\/4652"}],"collection":[{"href":"https:\/\/karretel.com.py\/catalogo\/wp-json\/wp\/v2\/product"}],"about":[{"href":"https:\/\/karretel.com.py\/catalogo\/wp-json\/wp\/v2\/types\/product"}],"wp:featuredmedia":[{"embeddable":true,"href":"https:\/\/karretel.com.py\/catalogo\/wp-json\/wp\/v2\/media\/4091"}],"wp:attachment":[{"href":"https:\/\/karretel.com.py\/catalogo\/wp-json\/wp\/v2\/media?parent=4652"}],"curies":[{"name":"wp","href":"https:\/\/api.w.org\/{rel}","templated":true}]}}