{"id":4623,"date":"2020-11-05T22:21:04","date_gmt":"2020-11-05T22:21:04","guid":{"rendered":"https:\/\/karretel.com.py\/catalogo\/producto\/import-placeholder-for-4584\/"},"modified":"2021-01-22T19:36:33","modified_gmt":"2021-01-22T19:36:33","slug":"karretel-182","status":"publish","type":"product","link":"https:\/\/karretel.com.py\/catalogo\/producto\/karretel-182\/","title":{"rendered":"Ray\u00f3n Chally"},"content":{"rendered":"<p>Composici\u00f3n: 100% Ray\u00f3n<\/p>\n<p>Ancho: 1,50 metros<\/p>\n","protected":false},"excerpt":{"rendered":"<p>Composici\u00f3n: 100% Ray\u00f3n Ancho: 1,50 metros<\/p>\n","protected":false},"featured_media":4062,"template":"","meta":[],"_links":{"self":[{"href":"https:\/\/karretel.com.py\/catalogo\/wp-json\/wp\/v2\/product\/4623"}],"collection":[{"href":"https:\/\/karretel.com.py\/catalogo\/wp-json\/wp\/v2\/product"}],"about":[{"href":"https:\/\/karretel.com.py\/catalogo\/wp-json\/wp\/v2\/types\/product"}],"wp:featuredmedia":[{"embeddable":true,"href":"https:\/\/karretel.com.py\/catalogo\/wp-json\/wp\/v2\/media\/4062"}],"wp:attachment":[{"href":"https:\/\/karretel.com.py\/catalogo\/wp-json\/wp\/v2\/media?parent=4623"}],"curies":[{"name":"wp","href":"https:\/\/api.w.org\/{rel}","templated":true}]}}