{"id":4600,"date":"2020-11-05T22:20:53","date_gmt":"2020-11-05T22:20:53","guid":{"rendered":"https:\/\/karretel.com.py\/catalogo\/producto\/import-placeholder-for-4561\/"},"modified":"2021-01-11T17:36:51","modified_gmt":"2021-01-11T17:36:51","slug":"karretel-162","status":"publish","type":"product","link":"https:\/\/karretel.com.py\/catalogo\/producto\/karretel-162\/","title":{"rendered":"Ray\u00f3n Amasado"},"content":{"rendered":"<p>Composici\u00f3n: 100% Ray\u00f3n<\/p>\n<p>Ancho: 1.50 metros<\/p>\n","protected":false},"excerpt":{"rendered":"<p>Composici\u00f3n: 100% Ray\u00f3n Ancho: 1.50 metros<\/p>\n","protected":false},"featured_media":4042,"template":"","meta":[],"_links":{"self":[{"href":"https:\/\/karretel.com.py\/catalogo\/wp-json\/wp\/v2\/product\/4600"}],"collection":[{"href":"https:\/\/karretel.com.py\/catalogo\/wp-json\/wp\/v2\/product"}],"about":[{"href":"https:\/\/karretel.com.py\/catalogo\/wp-json\/wp\/v2\/types\/product"}],"wp:featuredmedia":[{"embeddable":true,"href":"https:\/\/karretel.com.py\/catalogo\/wp-json\/wp\/v2\/media\/4042"}],"wp:attachment":[{"href":"https:\/\/karretel.com.py\/catalogo\/wp-json\/wp\/v2\/media?parent=4600"}],"curies":[{"name":"wp","href":"https:\/\/api.w.org\/{rel}","templated":true}]}}