{"id":4442,"date":"2020-11-05T22:20:09","date_gmt":"2020-11-05T22:20:09","guid":{"rendered":"https:\/\/karretel.com.py\/catalogo\/producto\/import-placeholder-for-4403\/"},"modified":"2021-02-13T14:13:50","modified_gmt":"2021-02-13T14:13:50","slug":"karretel-7","status":"publish","type":"product","link":"https:\/\/karretel.com.py\/catalogo\/producto\/karretel-7\/","title":{"rendered":"Algod\u00f3n Bordado"},"content":{"rendered":"<p>Composici\u00f3n: 100% Algod\u00f3n<\/p>\n<p>Ancho: 1,50 metros<\/p>\n","protected":false},"excerpt":{"rendered":"<p>Composici\u00f3n: 100% Algod\u00f3n Ancho: 1,50 metros<\/p>\n","protected":false},"featured_media":3887,"template":"","meta":[],"_links":{"self":[{"href":"https:\/\/karretel.com.py\/catalogo\/wp-json\/wp\/v2\/product\/4442"}],"collection":[{"href":"https:\/\/karretel.com.py\/catalogo\/wp-json\/wp\/v2\/product"}],"about":[{"href":"https:\/\/karretel.com.py\/catalogo\/wp-json\/wp\/v2\/types\/product"}],"wp:featuredmedia":[{"embeddable":true,"href":"https:\/\/karretel.com.py\/catalogo\/wp-json\/wp\/v2\/media\/3887"}],"wp:attachment":[{"href":"https:\/\/karretel.com.py\/catalogo\/wp-json\/wp\/v2\/media?parent=4442"}],"curies":[{"name":"wp","href":"https:\/\/api.w.org\/{rel}","templated":true}]}}